{"id":3523,"date":"2018-08-24T04:44:00","date_gmt":"2018-08-23T20:44:00","guid":{"rendered":"http:\/\/localhost:8888\/homeradar\/?page_id=3523"},"modified":"2024-03-06T20:18:56","modified_gmt":"2024-03-06T20:18:56","slug":"foire-aux-questions","status":"publish","type":"page","link":"https:\/\/zisisconinc.com\/ca_en\/foire-aux-questions\/","title":{"rendered":"Frequently Asked Questions"},"content":{"rendered":"<div data-elementor-type=\"wp-post\" data-elementor-id=\"3523\" class=\"elementor elementor-3523\">\n\t\t\t\t\t\t<section class=\"elementor-section elementor-top-section elementor-element elementor-element-cfc96f9 gray-bg small-padding has-hex elementor-section-boxed elementor-section-height-default elementor-section-height-default\" data-id=\"cfc96f9\" data-element_type=\"section\">\n\t\t\t\t\t\t<div class=\"elementor-container elementor-column-gap-extended\">\n\t\t\t\t\t<div class=\"elementor-column elementor-col-100 elementor-top-column elementor-element elementor-element-08fd87d\" data-id=\"08fd87d\" data-element_type=\"column\">\n\t\t\t<div class=\"elementor-widget-wrap elementor-element-populated\">\n\t\t\t\t\t\t<div class=\"elementor-element elementor-element-2852480 elementor-widget elementor-widget-cth_faqs_aqs\" data-id=\"2852480\" data-element_type=\"widget\" data-widget_type=\"cth_faqs_aqs.default\">\n\t\t\t\t<div class=\"elementor-widget-container\">\n\t\t\t\t\t        <div class=\"faqs-aqs-ele-wrap\">\n            <div class=\"faqs-row\">\n                <div class=\"list-single-main-container faqs-inner det-box-item det-box-item_single\">\n                                    \n                                            <!-- faq-section -->\n                        \n                        <div class=\"accordion-block-box\" id=\"faqcat-foire-aux-questions\">\n                            <div class=\"accordion-block-title big-lsmt faq-title_first\"><h3>Frequently Asked Questions<\/h3><\/div>\n                            <div class=\"accordion-lite-container\"><div class=\"accordion-lite-header act-accordion\">What types of services does ZISIS CON INC. offer? ?<i class=\"fas fa-plus\"><\/i><\/div><div class=\"accordion-lite_content visible\"><p>ZISIS CON INC. offers a full range of services, including construction management, design-build, and general contracting services. We specialize in residential and commercial projects, as well as kitchen and bathroom renovations and flooring services.<\/p><\/div><\/div><!--   accordion-lite end --><div class=\"accordion-lite-container\"><div class=\"accordion-lite-header\">How can I get a quote for my project?<i class=\"fas fa-plus\"><\/i><\/div><div class=\"accordion-lite_content\"><p>To obtain a personalized quote for your project, please contact us directly by phone or email. Our team will be happy to discuss your specific needs and provide you with a detailed quote.<\/p><\/div><\/div><!--   accordion-lite end --><div class=\"accordion-lite-container\"><div class=\"accordion-lite-header\">What is the experience of ZISIS CON INC. in the construction industry?<i class=\"fas fa-plus\"><\/i><\/div><div class=\"accordion-lite_content\"><p>ZISIS CON INC. has over two years of experience in the construction industry. We have worked with numerous clients, private and public, on projects of different sizes and in various sectors.<\/p><\/div><\/div><!--   accordion-lite end --><div class=\"accordion-lite-container\"><div class=\"accordion-lite-header\">ZISIS CON INC. Does he only work with companies or also with individuals?<i class=\"fas fa-plus\"><\/i><\/div><div class=\"accordion-lite_content\"><p>We work with a variety of clients, including private and public companies, as well as individuals. Our team is ready to meet the needs of all our clients, regardless of their size or industry.<\/p><\/div><\/div><!--   accordion-lite end --><div class=\"accordion-lite-container\"><div class=\"accordion-lite-header\">What are the main markets targeted by ZISIS CON INC?<i class=\"fas fa-plus\"><\/i><\/div><div class=\"accordion-lite_content\"><div class=\"flex-1 overflow-hidden\"><div class=\"react-scroll-to-bottom--css-jnrpl-79elbk h-full\"><div class=\"react-scroll-to-bottom--css-jnrpl-1n7m0yu\"><div class=\"flex flex-col text-sm pb-9\"><div class=\"w-full text-token-text-primary\" data-testid=\"conversation-turn-5\"><div class=\"px-4 py-2 justify-center text-base md:gap-6 m-auto\"><div class=\"flex flex-1 text-base mx-auto gap-3 md:px-5 lg:px-1 xl:px-5 md:max-w-3xl lg:max-w-[40rem] xl:max-w-[48rem] group final-completion\"><div class=\"relative flex w-full flex-col agent-turn\"><div class=\"flex-col gap-1 md:gap-3\"><div class=\"flex flex-grow flex-col max-w-full\"><div class=\"min-h-[20px] text-message flex flex-col items-start gap-3 whitespace-pre-wrap break-words [.text-message+&amp;]:mt-5 overflow-x-auto\" data-message-author-role=\"assistant\" data-message-id=\"50dbc3f5-94f0-4ec0-8eeb-773b25c05cef\"><div class=\"markdown prose w-full break-words dark:prose-invert light\"><p>Our main markets include residential, commercial projects, kitchen renovations, bathroom renovations and flooring services. We are also general contractors, which means we are ready to take on a variety of construction projects.<\/p><\/div><\/div><\/div><div class=\"mt-1 flex justify-start gap-3 empty:hidden\">\u00a0<\/div><\/div><\/div><\/div><\/div><\/div><\/div><\/div><\/div><\/div><\/div><\/div><!--   accordion-lite end -->                        <\/div>\n                        <!-- faq-section end -->\n                    \n                    \n                <\/div><!-- list-single-main-container end -->\n            <\/div><!-- faqs-row end -->\n        <\/div><!-- faqs-ele-wrap end -->\n        <div class=\"limit-box\"><\/div>\n        <div class=\"clearfix\"><\/div>\n        \t\t\t\t<\/div>\n\t\t\t\t<\/div>\n\t\t\t\t\t<\/div>\n\t\t<\/div>\n\t\t\t\t\t<\/div>\n\t\t<\/section>\n\t\t\t\t<\/div>","protected":false},"excerpt":{"rendered":"<p>FOIRE AUX Questions Quels types de services propose ZISIS CON INC. ? ZISIS CON INC. propose une gamme compl\u00e8te de services, notamment la gestion de construction, la conception-construction, et des services d&rsquo;entreprise g\u00e9n\u00e9rale. Nous nous sp\u00e9cialisons dans les projets r\u00e9sidentiels et commerciaux, ainsi que dans les r\u00e9novations de cuisines, de salles de bains et les services de rev\u00eatement de sol. Comment puis-je obtenir un devis pour mon projet ? Pour obtenir un devis personnalis\u00e9 pour votre projet, veuillez nous contacter directement par t\u00e9l\u00e9phone ou par e-mail. Notre \u00e9quipe sera heureuse de discuter de vos besoins sp\u00e9cifiques et de vous fournir un devis d\u00e9taill\u00e9. Quelle est l&rsquo;exp\u00e9rience de ZISIS CON INC. dans l&rsquo;industrie de la construction ? ZISIS CON INC. b\u00e9n\u00e9ficie de plus de deux ans d&rsquo;exp\u00e9rience dans l&rsquo;industrie de la construction. Nous avons travaill\u00e9 avec de nombreux clients, priv\u00e9s et publics, sur des projets de diff\u00e9rentes envergures et dans divers [&hellip;]<\/p>","protected":false},"author":1,"featured_media":0,"parent":0,"menu_order":0,"comment_status":"closed","ping_status":"closed","template":"page-full.php","meta":{"footnotes":""},"class_list":["post-3523","page","type-page","status-publish","hentry"],"_links":{"self":[{"href":"https:\/\/zisisconinc.com\/ca_en\/wp-json\/wp\/v2\/pages\/3523","targetHints":{"allow":["GET"]}}],"collection":[{"href":"https:\/\/zisisconinc.com\/ca_en\/wp-json\/wp\/v2\/pages"}],"about":[{"href":"https:\/\/zisisconinc.com\/ca_en\/wp-json\/wp\/v2\/types\/page"}],"author":[{"embeddable":true,"href":"https:\/\/zisisconinc.com\/ca_en\/wp-json\/wp\/v2\/users\/1"}],"replies":[{"embeddable":true,"href":"https:\/\/zisisconinc.com\/ca_en\/wp-json\/wp\/v2\/comments?post=3523"}],"version-history":[{"count":5,"href":"https:\/\/zisisconinc.com\/ca_en\/wp-json\/wp\/v2\/pages\/3523\/revisions"}],"predecessor-version":[{"id":10421,"href":"https:\/\/zisisconinc.com\/ca_en\/wp-json\/wp\/v2\/pages\/3523\/revisions\/10421"}],"wp:attachment":[{"href":"https:\/\/zisisconinc.com\/ca_en\/wp-json\/wp\/v2\/media?parent=3523"}],"curies":[{"name":"wp","href":"https:\/\/api.w.org\/{rel}","templated":true}]}}