{"id":8457,"date":"2018-08-14T04:00:06","date_gmt":"2018-08-14T04:00:06","guid":{"rendered":"http:\/\/localhost:8888\/homeradar\/?page_id=3"},"modified":"2024-03-06T19:54:07","modified_gmt":"2024-03-06T19:54:07","slug":"politique-de-confidentialite","status":"publish","type":"page","link":"https:\/\/zisisconinc.com\/ca_en\/politique-de-confidentialite\/","title":{"rendered":"Privacy Policy"},"content":{"rendered":"<div class=\"flex-1 overflow-hidden\">\n<div class=\"react-scroll-to-bottom--css-jnrpl-79elbk h-full\">\n<div class=\"react-scroll-to-bottom--css-jnrpl-1n7m0yu\">\n<div class=\"flex flex-col text-sm pb-9\">\n<div class=\"w-full text-token-text-primary\" data-testid=\"conversation-turn-3\">\n<div class=\"px-4 py-2 justify-center text-base md:gap-6 m-auto\">\n<div class=\"flex flex-1 text-base mx-auto gap-3 md:px-5 lg:px-1 xl:px-5 md:max-w-3xl lg:max-w-[40rem] xl:max-w-[48rem] group final-completion\">\n<div class=\"relative flex w-full flex-col agent-turn\">\n<div class=\"flex-col gap-1 md:gap-3\">\n<div class=\"flex flex-grow flex-col max-w-full\">\n<div class=\"min-h-[20px] text-message flex flex-col items-start gap-3 whitespace-pre-wrap break-words [.text-message+&amp;]:mt-5 overflow-x-auto\" data-message-author-role=\"assistant\" data-message-id=\"2bf308ec-bcfe-490d-8023-b3c05b92c8a7\">\n<div class=\"markdown prose w-full break-words dark:prose-invert light\">\n<p><strong>Analysis data<\/strong><\/p>\n<p>We use third-party analytics tools such as Google Analytics to collect information about how users interact with our website. This may include data such as time spent on the site, pages visited, browser type and operating system used. This information helps us understand usage trends, improve user experience, and diagnose potential problems with our site.<\/p>\n<p><strong>Content embedded from other sites<\/strong><\/p>\n<p>Articles on this site may include embedded content (e.g. videos, images, articles, etc.). Content embedded from other sites behaves the same as if the visitor went to that other site. These websites may collect data about you, use cookies, embed third-party tracking tools, track your interactions with this embedded content if you have an account connected to their website.<\/p>\n<p><strong>Data sharing<\/strong><\/p>\n<p>We do not share your personal data with third parties except where necessary to provide our services or when required by law. This may include sharing information with our third party service providers, business partners or where we are required to do so by law.<\/p>\n<p><strong>Privacy Policy Changes<\/strong><\/p>\n<p>We reserve the right to modify this privacy policy at any time. Modifications will take effect as soon as they are published on the site. We encourage users to periodically review this page for updates on how we protect the personal information we collect.<\/p>\n<\/div>\n<\/div>\n<\/div>\n<\/div>\n<\/div>\n<\/div>\n<\/div>\n<\/div>\n<\/div>\n<\/div>\n<\/div>\n<\/div>","protected":false},"excerpt":{"rendered":"<p>Donn\u00e9es d&rsquo;analyse Nous utilisons des outils d&rsquo;analyse tiers tels que Google Analytics pour recueillir des informations sur la mani\u00e8re dont les utilisateurs interagissent avec notre site Web. Cela peut inclure des donn\u00e9es telles que le temps pass\u00e9 sur le site, les pages visit\u00e9es, le type de navigateur et le syst\u00e8me d&rsquo;exploitation utilis\u00e9. Ces informations nous aident \u00e0 comprendre les tendances d&rsquo;utilisation, \u00e0 am\u00e9liorer l&rsquo;exp\u00e9rience utilisateur et \u00e0 diagnostiquer les probl\u00e8mes \u00e9ventuels sur notre site. Contenu embarqu\u00e9 depuis d&rsquo;autres sites Les articles de ce site peuvent inclure des contenus int\u00e9gr\u00e9s (par exemple des vid\u00e9os, des images, des articles, etc.). Le contenu int\u00e9gr\u00e9 depuis d&rsquo;autres sites se comporte de la m\u00eame mani\u00e8re que si le visiteur se rendait sur cet autre site. Ces sites web peuvent collecter des donn\u00e9es sur vous, utiliser des cookies, embarquer des outils de suivis tiers, suivre vos interactions avec ces contenus embarqu\u00e9s si vous disposez d&rsquo;un compte [&hellip;]<\/p>","protected":false},"author":1,"featured_media":0,"parent":0,"menu_order":0,"comment_status":"closed","ping_status":"open","template":"","meta":{"footnotes":""},"class_list":["post-8457","page","type-page","status-publish","hentry"],"_links":{"self":[{"href":"https:\/\/zisisconinc.com\/ca_en\/wp-json\/wp\/v2\/pages\/8457","targetHints":{"allow":["GET"]}}],"collection":[{"href":"https:\/\/zisisconinc.com\/ca_en\/wp-json\/wp\/v2\/pages"}],"about":[{"href":"https:\/\/zisisconinc.com\/ca_en\/wp-json\/wp\/v2\/types\/page"}],"author":[{"embeddable":true,"href":"https:\/\/zisisconinc.com\/ca_en\/wp-json\/wp\/v2\/users\/1"}],"replies":[{"embeddable":true,"href":"https:\/\/zisisconinc.com\/ca_en\/wp-json\/wp\/v2\/comments?post=8457"}],"version-history":[{"count":7,"href":"https:\/\/zisisconinc.com\/ca_en\/wp-json\/wp\/v2\/pages\/8457\/revisions"}],"predecessor-version":[{"id":10417,"href":"https:\/\/zisisconinc.com\/ca_en\/wp-json\/wp\/v2\/pages\/8457\/revisions\/10417"}],"wp:attachment":[{"href":"https:\/\/zisisconinc.com\/ca_en\/wp-json\/wp\/v2\/media?parent=8457"}],"curies":[{"name":"wp","href":"https:\/\/api.w.org\/{rel}","templated":true}]}}