{"id":8459,"date":"2016-10-06T03:56:06","date_gmt":"2016-10-06T03:56:06","guid":{"rendered":"http:\/\/demowp.cththemes.net\/diopter\/?page_id=294"},"modified":"2024-04-04T05:14:54","modified_gmt":"2024-04-04T05:14:54","slug":"contact","status":"publish","type":"page","link":"https:\/\/zisisconinc.com\/ca_en\/contact\/","title":{"rendered":"Contact"},"content":{"rendered":"<div data-elementor-type=\"wp-post\" data-elementor-id=\"8459\" class=\"elementor elementor-8459\">\n\t\t\t\t\t\t<section class=\"elementor-section elementor-top-section elementor-element elementor-element-627c199 gray-bg has-hex pt-50 elementor-section-boxed elementor-section-height-default elementor-section-height-default\" data-id=\"627c199\" data-element_type=\"section\">\n\t\t\t\t\t\t<div class=\"elementor-container elementor-column-gap-default\">\n\t\t\t\t\t<div class=\"elementor-column elementor-col-33 elementor-top-column elementor-element elementor-element-1d4099f\" data-id=\"1d4099f\" data-element_type=\"column\">\n\t\t\t<div class=\"elementor-widget-wrap elementor-element-populated\">\n\t\t\t\t\t\t<div class=\"elementor-element elementor-element-5fc80c1 elementor-widget elementor-widget-feature_box\" data-id=\"5fc80c1\" data-element_type=\"widget\" data-widget_type=\"feature_box.default\">\n\t\t\t\t<div class=\"elementor-widget-container\">\n\t\t\t\t\t  \n        <!--services-box --> \n        <div class=\"card-item sty1\">\n            <i class=\"fal fa-envelope\"><\/i>            <span class=\"card-item_num\">01<\/span>\n            <h4 class=\"service-title\">Our letters<\/h4>            <div class=\"card-desc\"><a href=\"mailto:info@zisisconinc.com\" class=\"serv-link sl-b\">info@zisisconinc.com<\/a><\/div>\n            <div class=\"clearfix\"><\/div>\n        <\/div>\n        \n        <!-- services-box end  -->      \n        \t\t\t\t<\/div>\n\t\t\t\t<\/div>\n\t\t\t\t\t<\/div>\n\t\t<\/div>\n\t\t\t\t<div class=\"elementor-column elementor-col-33 elementor-top-column elementor-element elementor-element-8f43a90\" data-id=\"8f43a90\" data-element_type=\"column\">\n\t\t\t<div class=\"elementor-widget-wrap elementor-element-populated\">\n\t\t\t\t\t\t<div class=\"elementor-element elementor-element-f06c5e1 elementor-widget elementor-widget-feature_box\" data-id=\"f06c5e1\" data-element_type=\"widget\" data-widget_type=\"feature_box.default\">\n\t\t\t\t<div class=\"elementor-widget-container\">\n\t\t\t\t\t  \n        <!--services-box --> \n        <div class=\"card-item sty1\">\n            <i class=\"fal fa-phone-rotary\"><\/i>            <span class=\"card-item_num\">02<\/span>\n            <h4 class=\"service-title\">Our phones<\/h4>            <div class=\"card-desc\"><a href=\"tel:+15144480689\" class=\"serv-link sl-b\">+1(514) 448 0689<\/a> <a href=\"tel:+1514448 0689\" class=\"serv-link sl-b\">+1(514) 448 0689<\/a><\/div>\n            <div class=\"clearfix\"><\/div>\n        <\/div>\n        \n        <!-- services-box end  -->      \n        \t\t\t\t<\/div>\n\t\t\t\t<\/div>\n\t\t\t\t\t<\/div>\n\t\t<\/div>\n\t\t\t\t<div class=\"elementor-column elementor-col-33 elementor-top-column elementor-element elementor-element-68855fe\" data-id=\"68855fe\" data-element_type=\"column\">\n\t\t\t<div class=\"elementor-widget-wrap elementor-element-populated\">\n\t\t\t\t\t\t<div class=\"elementor-element elementor-element-d788fa5 elementor-widget elementor-widget-feature_box\" data-id=\"d788fa5\" data-element_type=\"widget\" data-widget_type=\"feature_box.default\">\n\t\t\t\t<div class=\"elementor-widget-container\">\n\t\t\t\t\t  \n        <!--services-box --> \n        <div class=\"card-item sty1\">\n            <i class=\"fal fa-map-marked\"><\/i>            <span class=\"card-item_num\">03<\/span>\n            <h4 class=\"service-title\">Our adress<\/h4>            <div class=\"card-desc\"><a href=\"https:\/\/goo.gl\/maps\/dj5UaNJFkJ6rLNJy9\" class=\"serv-link sl-b\">Brossard, Quebec, Canada.<\/a>\n<\/div>\n            <div class=\"clearfix\"><\/div>\n        <\/div>\n        \n        <!-- services-box end  -->      \n        \t\t\t\t<\/div>\n\t\t\t\t<\/div>\n\t\t\t\t\t<\/div>\n\t\t<\/div>\n\t\t\t\t\t<\/div>\n\t\t<\/section>\n\t\t\t\t<section class=\"elementor-section elementor-top-section elementor-element elementor-element-934878d gray-bg pad-top-0 pad-bot-0 elementor-section-boxed elementor-section-height-default elementor-section-height-default\" data-id=\"934878d\" data-element_type=\"section\">\n\t\t\t\t\t\t<div class=\"elementor-container elementor-column-gap-default\">\n\t\t\t\t\t<div class=\"elementor-column elementor-col-50 elementor-top-column elementor-element elementor-element-9ce82f2\" data-id=\"9ce82f2\" data-element_type=\"column\">\n\t\t\t<div class=\"elementor-widget-wrap elementor-element-populated\">\n\t\t\t\t\t\t<div class=\"elementor-element elementor-element-90bd444 elementor-widget__width-auto elementor-widget elementor-widget-contact_modal\" data-id=\"90bd444\" data-element_type=\"widget\" data-widget_type=\"contact_modal.default\">\n\t\t\t\t<div class=\"elementor-widget-container\">\n\t\t\t\t\t        <a href=\"#\" class=\"tbtn cf_btn\"><i class=\"fas fa-caret-right\"><\/i><span>To write a message<\/span><\/a>\n        <!--contact-form-wrap -->   \n        <!-- <div class=\"contact-form-wrap\">\n            <div class=\"contact-form-container\">\n                <div class=\"contact-form-main fl-wrap\">\n                    <div class=\"contact-form-header\">\n                        <h4>Get In Touch<\/h4>\n                        <span class=\"close-contact-form\"><i class=\"fal fa-times\"><\/i><\/span>\n                    <\/div>\n                    <div class=\"contact-form7\">\n<div class=\"wpcf7 no-js\" id=\"wpcf7-f7-o1\" lang=\"en-US\" dir=\"ltr\" data-wpcf7-id=\"7\">\n<div class=\"screen-reader-response\"><p role=\"status\" aria-live=\"polite\" aria-atomic=\"true\"><\/p> <ul><\/ul><\/div>\n<form action=\"\/ca_en\/wp-json\/wp\/v2\/pages\/8459#wpcf7-f7-o1\" method=\"post\" class=\"wpcf7-form init\" aria-label=\"Contact form\" novalidate=\"novalidate\" data-status=\"init\">\n<div style=\"display: none;\">\n<input type=\"hidden\" name=\"_wpcf7\" value=\"7\" \/>\n<input type=\"hidden\" name=\"_wpcf7_version\" value=\"6.0.6\" \/>\n<input type=\"hidden\" name=\"_wpcf7_locale\" value=\"en_US\" \/>\n<input type=\"hidden\" name=\"_wpcf7_unit_tag\" value=\"wpcf7-f7-o1\" \/>\n<input type=\"hidden\" name=\"_wpcf7_container_post\" value=\"0\" \/>\n<input type=\"hidden\" name=\"_wpcf7_posted_data_hash\" value=\"\" \/>\n<\/div>\n<p><label> Your name<br \/>\n<span class=\"wpcf7-form-control-wrap\" data-name=\"your-name\"><input size=\"40\" maxlength=\"400\" class=\"wpcf7-form-control wpcf7-text wpcf7-validates-as-required\" autocomplete=\"name\" aria-required=\"true\" aria-invalid=\"false\" value=\"\" type=\"text\" name=\"your-name\" \/><\/span> <\/label>\n<\/p>\n<p><label> Your email<br \/>\n<span class=\"wpcf7-form-control-wrap\" data-name=\"your-email\"><input size=\"40\" maxlength=\"400\" class=\"wpcf7-form-control wpcf7-email wpcf7-validates-as-required wpcf7-text wpcf7-validates-as-email\" autocomplete=\"email\" aria-required=\"true\" aria-invalid=\"false\" value=\"\" type=\"email\" name=\"your-email\" \/><\/span> <\/label>\n<\/p>\n<p><label> Subject<br \/>\n<span class=\"wpcf7-form-control-wrap\" data-name=\"your-subject\"><input size=\"40\" maxlength=\"400\" class=\"wpcf7-form-control wpcf7-text wpcf7-validates-as-required\" aria-required=\"true\" aria-invalid=\"false\" value=\"\" type=\"text\" name=\"your-subject\" \/><\/span> <\/label>\n<\/p>\n<p><label> Your message (optional)<br \/>\n<span class=\"wpcf7-form-control-wrap\" data-name=\"your-message\"><textarea cols=\"40\" rows=\"10\" maxlength=\"2000\" class=\"wpcf7-form-control wpcf7-textarea\" aria-invalid=\"false\" name=\"your-message\"><\/textarea><\/span> <\/label>\n<\/p>\n<p><div id=\"cf7sr-69e4e06d26b99\" class=\"cf7sr-g-recaptcha\" data-theme=\"light\" data-type=\"image\" data-size=\"normal\" data-sitekey=\"6LdYUK0pAAAAAObENUBlo5oWKaYkH1It4Q2PEeep\"><\/div><span class=\"wpcf7-form-control-wrap cf7sr-recaptcha\" data-name=\"cf7sr-recaptcha\"><input type=\"hidden\" name=\"cf7sr-recaptcha\" value=\"\" class=\"wpcf7-form-control\"><\/span><br \/>\n<input class=\"wpcf7-form-control wpcf7-submit has-spinner\" type=\"submit\" value=\"Submit\" \/>\n<\/p><div class=\"wpcf7-response-output\" aria-hidden=\"true\"><\/div>\n<\/form>\n<\/div>\n<\/div>                 \n                <\/div>\n            <\/div>\n            <div class=\"contact-form-overlay\"><\/div>\n        <\/div> -->\n        <!--contact-form-wrap end-->    \n\n        \t\t\t\t<\/div>\n\t\t\t\t<\/div>\n\t\t\t\t<div class=\"elementor-element elementor-element-5bf3a5d elementor-widget__width-auto elementor-widget elementor-widget-heading\" data-id=\"5bf3a5d\" data-element_type=\"widget\" data-widget_type=\"heading.default\">\n\t\t\t\t<div class=\"elementor-widget-container\">\n\t\t\t\t\t<p class=\"elementor-heading-title elementor-size-default\">We will try to respond to the letter as soon as possible.<\/p>\t\t\t\t<\/div>\n\t\t\t\t<\/div>\n\t\t\t\t\t<\/div>\n\t\t<\/div>\n\t\t\t\t<div class=\"elementor-column elementor-col-50 elementor-top-column elementor-element elementor-element-50c688b\" data-id=\"50c688b\" data-element_type=\"column\">\n\t\t\t<div class=\"elementor-widget-wrap elementor-element-populated\">\n\t\t\t\t\t\t<div class=\"elementor-element elementor-element-7b66cae elementor-widget__width-auto elementor-widget-mobile__width-inherit elementor-widget elementor-widget-our_socials\" data-id=\"7b66cae\" data-element_type=\"widget\" data-widget_type=\"our_socials.default\">\n\t\t\t\t<div class=\"elementor-widget-container\">\n\t\t\t\t\t        <div class=\"contact-social flex-items-center socials-st1\">\n            <span class=\"cs-title\">TROUVEZ-NOUS SUR:<\/span>             \n            <ul class=\"socials-ul list-unstyled m-0 p-0\">\n                                    <li><a href=\"https:\/\/facebook.com\" target=\"_blank\"><i class=\"fab fa-facebook-f\"><\/i><\/a><\/li>\n                                        <li><a href=\"https:\/\/twitter.com\/\" target=\"_blank\"><i class=\"fab fa-twitter\"><\/i><\/a><\/li>\n                                        <li><a href=\"https:\/\/www.instagram.com\/\" target=\"_blank\"><i class=\"fab fa-instagram\"><\/i><\/a><\/li>\n                                <\/ul>\n                    <\/div>\n        \t\t\t\t<\/div>\n\t\t\t\t<\/div>\n\t\t\t\t\t<\/div>\n\t\t<\/div>\n\t\t\t\t\t<\/div>\n\t\t<\/section>\n\t\t\t\t<section class=\"elementor-section elementor-top-section elementor-element elementor-element-5f38d8f gray-bg pad-top-30 pb-50 elementor-section-boxed elementor-section-height-default elementor-section-height-default\" data-id=\"5f38d8f\" data-element_type=\"section\">\n\t\t\t\t\t\t<div class=\"elementor-container elementor-column-gap-default\">\n\t\t\t\t\t<div class=\"elementor-column elementor-col-100 elementor-top-column elementor-element elementor-element-491631d\" data-id=\"491631d\" data-element_type=\"column\">\n\t\t\t<div class=\"elementor-widget-wrap elementor-element-populated\">\n\t\t\t\t\t\t<div class=\"elementor-element elementor-element-222b6e6 elementor-widget elementor-widget-heading\" data-id=\"222b6e6\" data-element_type=\"widget\" data-widget_type=\"heading.default\">\n\t\t\t\t<div class=\"elementor-widget-container\">\n\t\t\t\t\t<h3 class=\"elementor-heading-title elementor-size-default\">Location of our offices:<\/h3>\t\t\t\t<\/div>\n\t\t\t\t<\/div>\n\t\t\t\t<div class=\"elementor-element elementor-element-ec4e34e elementor-widget elementor-widget-google_map\" data-id=\"ec4e34e\" data-element_type=\"widget\" data-widget_type=\"google_map.default\">\n\t\t\t\t<div class=\"elementor-widget-container\">\n\t\t\t\t\t        <div class=\"map-container mapC_vis\">\n            <div id=\"singleMap69e4e06d283e9\" class=\"singleMap singleMap-googlemap\" data-lat=\"45.44922310960407\" data-lng=\"-73.49156155142695\" data-loc=\"Our office - New York City\" data-zoom=\"14\"><\/div>\n            <div class=\"scrollContorl\"><\/div>        <\/div>\n        \t\t\t\t<\/div>\n\t\t\t\t<\/div>\n\t\t\t\t\t<\/div>\n\t\t<\/div>\n\t\t\t\t\t<\/div>\n\t\t<\/section>\n\t\t\t\t<\/div>","protected":false},"excerpt":{"rendered":"<p>01 Nos courriers info@zisisconinc.com 02 Nos t\u00e9l\u00e9phones +1(514) 448 0689 +1(514) 448 0689 03 Notre adresse Brossard, Qu\u00e9bec, Canada. \u00c9crire un message Nous essaierons de r\u00e9pondre \u00e0 la lettre dans un court d\u00e9lai. TROUVEZ-NOUS SUR: Localisation de nos bureaux :<\/p>","protected":false},"author":1,"featured_media":0,"parent":0,"menu_order":0,"comment_status":"closed","ping_status":"closed","template":"page-full.php","meta":{"footnotes":""},"class_list":["post-8459","page","type-page","status-publish","hentry"],"_links":{"self":[{"href":"https:\/\/zisisconinc.com\/ca_en\/wp-json\/wp\/v2\/pages\/8459","targetHints":{"allow":["GET"]}}],"collection":[{"href":"https:\/\/zisisconinc.com\/ca_en\/wp-json\/wp\/v2\/pages"}],"about":[{"href":"https:\/\/zisisconinc.com\/ca_en\/wp-json\/wp\/v2\/types\/page"}],"author":[{"embeddable":true,"href":"https:\/\/zisisconinc.com\/ca_en\/wp-json\/wp\/v2\/users\/1"}],"replies":[{"embeddable":true,"href":"https:\/\/zisisconinc.com\/ca_en\/wp-json\/wp\/v2\/comments?post=8459"}],"version-history":[{"count":29,"href":"https:\/\/zisisconinc.com\/ca_en\/wp-json\/wp\/v2\/pages\/8459\/revisions"}],"predecessor-version":[{"id":10584,"href":"https:\/\/zisisconinc.com\/ca_en\/wp-json\/wp\/v2\/pages\/8459\/revisions\/10584"}],"wp:attachment":[{"href":"https:\/\/zisisconinc.com\/ca_en\/wp-json\/wp\/v2\/media?parent=8459"}],"curies":[{"name":"wp","href":"https:\/\/api.w.org\/{rel}","templated":true}]}}