{"id":8461,"date":"2016-10-13T09:35:46","date_gmt":"2016-10-13T07:35:46","guid":{"rendered":"http:\/\/demowp.cththemes.net\/diopter\/?page_id=531"},"modified":"2024-02-28T15:48:23","modified_gmt":"2024-02-28T15:48:23","slug":"a-propos","status":"publish","type":"page","link":"https:\/\/zisisconinc.com\/ca_en\/a-propos\/","title":{"rendered":"About Us"},"content":{"rendered":"<div data-elementor-type=\"wp-post\" data-elementor-id=\"8461\" class=\"elementor elementor-8461\">\n\t\t\t\t\t\t<section class=\"elementor-section elementor-top-section elementor-element elementor-element-46cd3fc elementor-section-stretched sec-padding elementor-section-boxed elementor-section-height-default elementor-section-height-default\" data-id=\"46cd3fc\" data-element_type=\"section\" data-settings=\"{&quot;stretch_section&quot;:&quot;section-stretched&quot;,&quot;background_background&quot;:&quot;classic&quot;}\">\n\t\t\t\t\t\t<div class=\"elementor-container elementor-column-gap-wide\">\n\t\t\t\t\t<div class=\"elementor-column elementor-col-50 elementor-top-column elementor-element elementor-element-8141bba\" data-id=\"8141bba\" data-element_type=\"column\">\n\t\t\t<div class=\"elementor-widget-wrap elementor-element-populated\">\n\t\t\t\t\t\t<div class=\"elementor-element elementor-element-a26d9f7 elementor-widget elementor-widget-section_title\" data-id=\"a26d9f7\" data-element_type=\"widget\" data-widget_type=\"section_title.default\">\n\t\t\t\t<div class=\"elementor-widget-container\">\n\t\t\t\t\t        <div class=\"section-title st-left st-st1\">\n        <h4 class=\"sec-subtitle\"><span>Our history<\/span><\/h4>            <h2 class=\"sec-title\"><span>WE ARE ZISIS CON INC.<\/span><\/h2>                    <\/div>\n        \t\t\t\t<\/div>\n\t\t\t\t<\/div>\n\t\t\t\t<div class=\"elementor-element elementor-element-136e4e6 elementor-widget elementor-widget-text-editor\" data-id=\"136e4e6\" data-element_type=\"widget\" data-widget_type=\"text-editor.default\">\n\t\t\t\t<div class=\"elementor-widget-container\">\n\t\t\t\t\t\t\t\t\t<p class=\"moto-text_normal\">ZISIS CON INC. shares over two years of industry-leading excellence with every customer we encounter. We provide general contracting, construction management and design-build services to private and public companies for projects of all sizes.<\/p><p class=\"moto-text_normal\">Our main markets are:<\/p><ul><li class=\"moto-text_normal\">Residential<\/li><li class=\"moto-text_normal\">Commercial<\/li><li class=\"moto-text_normal\">Kitchen renovation<\/li><li class=\"moto-text_normal\">Bathroom renovation<\/li><li class=\"moto-text_normal\">Flooring Services<\/li><li class=\"moto-text_normal\">General contractors<\/li><\/ul>\t\t\t\t\t\t\t\t<\/div>\n\t\t\t\t<\/div>\n\t\t\t\t\t<\/div>\n\t\t<\/div>\n\t\t\t\t<div class=\"elementor-column elementor-col-50 elementor-top-column elementor-element elementor-element-d66790f\" data-id=\"d66790f\" data-element_type=\"column\">\n\t\t\t<div class=\"elementor-widget-wrap elementor-element-populated\">\n\t\t\t\t\t\t<div class=\"elementor-element elementor-element-fc8203b elementor-widget elementor-widget-image_quote\" data-id=\"fc8203b\" data-element_type=\"widget\" data-widget_type=\"image_quote.default\">\n\t\t\t\t<div class=\"elementor-widget-container\">\n\t\t\t\t\t        <div class=\"about-img abimg-sty1\" data-scrollax-parent=\"true\">\n            <img fetchpriority=\"high\" decoding=\"async\" width=\"1280\" height=\"854\" src=\"https:\/\/zisisconinc.com\/wp-content\/uploads\/2023\/12\/2893b7b4-cac1-445d-900d-da27a095699e.png\" class=\"respimg\" alt=\"\" srcset=\"https:\/\/zisisconinc.com\/wp-content\/uploads\/2023\/12\/2893b7b4-cac1-445d-900d-da27a095699e.png 1280w, https:\/\/zisisconinc.com\/wp-content\/uploads\/2023\/12\/2893b7b4-cac1-445d-900d-da27a095699e-300x200.png 300w, https:\/\/zisisconinc.com\/wp-content\/uploads\/2023\/12\/2893b7b4-cac1-445d-900d-da27a095699e-1024x683.png 1024w, https:\/\/zisisconinc.com\/wp-content\/uploads\/2023\/12\/2893b7b4-cac1-445d-900d-da27a095699e-768x512.png 768w, https:\/\/zisisconinc.com\/wp-content\/uploads\/2023\/12\/2893b7b4-cac1-445d-900d-da27a095699e-821x548.png 821w, https:\/\/zisisconinc.com\/wp-content\/uploads\/2023\/12\/2893b7b4-cac1-445d-900d-da27a095699e-301x201.png 301w, https:\/\/zisisconinc.com\/wp-content\/uploads\/2023\/12\/2893b7b4-cac1-445d-900d-da27a095699e-603x402.png 603w, https:\/\/zisisconinc.com\/wp-content\/uploads\/2023\/12\/2893b7b4-cac1-445d-900d-da27a095699e-525x350.png 525w, https:\/\/zisisconinc.com\/wp-content\/uploads\/2023\/12\/2893b7b4-cac1-445d-900d-da27a095699e-450x300.png 450w, https:\/\/zisisconinc.com\/wp-content\/uploads\/2023\/12\/2893b7b4-cac1-445d-900d-da27a095699e-427x285.png 427w, https:\/\/zisisconinc.com\/wp-content\/uploads\/2023\/12\/2893b7b4-cac1-445d-900d-da27a095699e-150x100.png 150w\" sizes=\"(max-width: 1280px) 100vw, 1280px\" \/>                                    \n        <\/div>\n        \t\t\t\t<\/div>\n\t\t\t\t<\/div>\n\t\t\t\t\t<\/div>\n\t\t<\/div>\n\t\t\t\t\t<\/div>\n\t\t<\/section>\n\t\t\t\t<section class=\"elementor-section elementor-top-section elementor-element elementor-element-347edc6 gray-bg small-padding has-hex has-hex2 elementor-section-boxed elementor-section-height-default elementor-section-height-default\" data-id=\"347edc6\" data-element_type=\"section\" data-settings=\"{&quot;background_background&quot;:&quot;classic&quot;}\">\n\t\t\t\t\t\t\t<div class=\"elementor-background-overlay\"><\/div>\n\t\t\t\t\t\t\t<div class=\"elementor-container elementor-column-gap-default\">\n\t\t\t\t\t<div class=\"elementor-column elementor-col-33 elementor-top-column elementor-element elementor-element-4a3125c\" data-id=\"4a3125c\" data-element_type=\"column\">\n\t\t\t<div class=\"elementor-widget-wrap elementor-element-populated\">\n\t\t\t\t\t\t<div class=\"elementor-element elementor-element-5696e5c elementor-widget elementor-widget-feature_box\" data-id=\"5696e5c\" data-element_type=\"widget\" data-widget_type=\"feature_box.default\">\n\t\t\t\t<div class=\"elementor-widget-container\">\n\t\t\t\t\t  \n        <!--services-box --> \n        <div class=\"card-item sty1\">\n            <i class=\"fad fa-wind-turbine\"><\/i>            <span class=\"card-item_num\">01<\/span>\n            <h4 class=\"service-title\">ALWAYS AVAILABLE<\/h4>            <div class=\"card-desc\"><p>We accept inquiries and phone calls 24\/7 so you can resolve any issues. Our emergency team will be at your home.<\/div>\n            <div class=\"clearfix\"><\/div>\n        <\/div>\n        \n        <!-- services-box end  -->      \n        \t\t\t\t<\/div>\n\t\t\t\t<\/div>\n\t\t\t\t\t<\/div>\n\t\t<\/div>\n\t\t\t\t<div class=\"elementor-column elementor-col-33 elementor-top-column elementor-element elementor-element-00c9899\" data-id=\"00c9899\" data-element_type=\"column\">\n\t\t\t<div class=\"elementor-widget-wrap elementor-element-populated\">\n\t\t\t\t\t\t<div class=\"elementor-element elementor-element-b034eea elementor-widget elementor-widget-feature_box\" data-id=\"b034eea\" data-element_type=\"widget\" data-widget_type=\"feature_box.default\">\n\t\t\t\t<div class=\"elementor-widget-container\">\n\t\t\t\t\t  \n        <!--services-box --> \n        <div class=\"card-item sty1\">\n            <i class=\"fal fa-microchip\"><\/i>            <span class=\"card-item_num\">02<\/span>\n            <h4 class=\"service-title\">QUALIFIED AGENTS<\/h4>            <div class=\"card-desc\"><p>All of our team members are highly qualified, trained and knowledgeable agents. All are trained using the latest technologies.<\/p>\n<\/div>\n            <div class=\"clearfix\"><\/div>\n        <\/div>\n        \n        <!-- services-box end  -->      \n        \t\t\t\t<\/div>\n\t\t\t\t<\/div>\n\t\t\t\t\t<\/div>\n\t\t<\/div>\n\t\t\t\t<div class=\"elementor-column elementor-col-33 elementor-top-column elementor-element elementor-element-4000a18\" data-id=\"4000a18\" data-element_type=\"column\">\n\t\t\t<div class=\"elementor-widget-wrap elementor-element-populated\">\n\t\t\t\t\t\t<div class=\"elementor-element elementor-element-7a114a7 elementor-widget elementor-widget-feature_box\" data-id=\"7a114a7\" data-element_type=\"widget\" data-widget_type=\"feature_box.default\">\n\t\t\t\t<div class=\"elementor-widget-container\">\n\t\t\t\t\t  \n        <!--services-box --> \n        <div class=\"card-item sty1\">\n            <i class=\"fal fa-tools\"><\/i>            <span class=\"card-item_num\">03<\/span>\n            <h4 class=\"service-title\">FAIR PRICES<\/h4>            <div class=\"card-desc\"><p>Our prices are both fair and affordable for everyone. We offer a flexible discount system so you can use any service you need.<\/div>\n            <div class=\"clearfix\"><\/div>\n        <\/div>\n        \n        <!-- services-box end  -->      \n        \t\t\t\t<\/div>\n\t\t\t\t<\/div>\n\t\t\t\t\t<\/div>\n\t\t<\/div>\n\t\t\t\t\t<\/div>\n\t\t<\/section>\n\t\t\t\t<\/div>","protected":false},"excerpt":{"rendered":"<p>Notre histoire NOUS SOMMES ZISIS CON INC. ZISIS CON INC. partage plus de deux ans d\u2019excellence \u00e0 la pointe de l\u2019industrie avec chaque client que nous rencontrons. Nous proposons des services d&rsquo;entreprise g\u00e9n\u00e9rale, de gestion de construction et de conception-construction aux entreprises priv\u00e9es et publiques pour des projets de toutes tailles. Nos principaux march\u00e9s sont : R\u00e9sidentielle Commerciale R\u00e9novation de cuisine R\u00e9novation de salle de bain Services de rev\u00eatement de sol Entrepreneurs g\u00e9n\u00e9raux 01 TOUJOURS DISPONIBLE Nous acceptons les demandes et les appels t\u00e9l\u00e9phoniques 24h\/24 et 7j\/7 afin que vous puissiez r\u00e9soudre tout probl\u00e8me. Notre \u00e9quipe d&rsquo;urgence sera chez vous. 02 AGENTS QUALIFI\u00c9S Tous les membres de notre \u00e9quipe sont des agents hautement qualifi\u00e9s, form\u00e9s et comp\u00e9tents. Tous sont form\u00e9s selon les derni\u00e8res technologies. 03 DES PRIX \u00c9QUITABLES Nos prix sont \u00e0 la fois justes et abordables pour tous. Nous proposons un syst\u00e8me de r\u00e9duction flexible afin que vous puissiez [&hellip;]<\/p>","protected":false},"author":1,"featured_media":0,"parent":0,"menu_order":0,"comment_status":"closed","ping_status":"closed","template":"page-full.php","meta":{"footnotes":""},"class_list":["post-8461","page","type-page","status-publish","hentry"],"_links":{"self":[{"href":"https:\/\/zisisconinc.com\/ca_en\/wp-json\/wp\/v2\/pages\/8461","targetHints":{"allow":["GET"]}}],"collection":[{"href":"https:\/\/zisisconinc.com\/ca_en\/wp-json\/wp\/v2\/pages"}],"about":[{"href":"https:\/\/zisisconinc.com\/ca_en\/wp-json\/wp\/v2\/types\/page"}],"author":[{"embeddable":true,"href":"https:\/\/zisisconinc.com\/ca_en\/wp-json\/wp\/v2\/users\/1"}],"replies":[{"embeddable":true,"href":"https:\/\/zisisconinc.com\/ca_en\/wp-json\/wp\/v2\/comments?post=8461"}],"version-history":[{"count":23,"href":"https:\/\/zisisconinc.com\/ca_en\/wp-json\/wp\/v2\/pages\/8461\/revisions"}],"predecessor-version":[{"id":10591,"href":"https:\/\/zisisconinc.com\/ca_en\/wp-json\/wp\/v2\/pages\/8461\/revisions\/10591"}],"wp:attachment":[{"href":"https:\/\/zisisconinc.com\/ca_en\/wp-json\/wp\/v2\/media?parent=8461"}],"curies":[{"name":"wp","href":"https:\/\/api.w.org\/{rel}","templated":true}]}}