{"id":8899,"date":"2021-08-07T10:18:49","date_gmt":"2021-08-07T10:18:49","guid":{"rendered":"https:\/\/theroof.cththemes.com\/?page_id=8899"},"modified":"2024-03-10T14:48:33","modified_gmt":"2024-03-10T14:48:33","slug":"services","status":"publish","type":"page","link":"https:\/\/zisisconinc.com\/ca_en\/services\/","title":{"rendered":"Our services"},"content":{"rendered":"<div data-elementor-type=\"wp-page\" data-elementor-id=\"8899\" class=\"elementor elementor-8899\">\n\t\t\t\t\t\t<section class=\"elementor-section elementor-top-section elementor-element elementor-element-36ade48f gray-bg small-top_padding stp-bot has-hex elementor-section-boxed elementor-section-height-default elementor-section-height-default\" data-id=\"36ade48f\" data-element_type=\"section\">\n\t\t\t\t\t\t<div class=\"elementor-container elementor-column-gap-extended\">\n\t\t\t\t\t<div class=\"elementor-column elementor-col-66 elementor-top-column elementor-element elementor-element-534d994e\" data-id=\"534d994e\" data-element_type=\"column\">\n\t\t\t<div class=\"elementor-widget-wrap elementor-element-populated\">\n\t\t\t\t\t\t<div class=\"elementor-element elementor-element-ab2ba66 elementor-widget elementor-widget-cthservices\" data-id=\"ab2ba66\" data-element_type=\"widget\" data-widget_type=\"cthservices.default\">\n\t\t\t\t<div class=\"elementor-widget-container\">\n\t\t\t\t\t        <div class=\"services-grid-wrap\">\n                        <div class=\"services-grid cthiso-items cthiso-flex cthiso-two-cols cthiso-big-pad\">\n            \n                            <div class=\"cthiso-item\">\n                    <div class=\"det-box\">\n                                                <div class=\"det-box-item\">\n                            <h3><a href=\"https:\/\/zisisconinc.com\/ca_en\/service\/staircase\/\">Stairs<\/a><\/h3>\n                            <!-- <ul class=\"serv-list list-unstyled d-flex\">\n                                <li>Architecture<\/li>\n                                <li>Design<\/li>\n                                <li>Renovation<\/li>\n                            <\/ul> -->\n                                                            <ul class=\"serv-list list-unstyled d-flex\">\n                                    <li>Services<\/li>                                <\/ul>\n                                \n                            <p>Enhance the elegance of your interior with our staircase services, offering custom designs and precision installation for stunning staircases that blend seamlessly into the overall aesthetic of your home or business.<\/p>\n                            <div class=\"d-flex justify-content-between mt-2 align-items-center\">\n                                <a href=\"https:\/\/zisisconinc.com\/ca_en\/service\/staircase\/\" class=\"det-box-link\">Read more<\/a>\n                                <span class=\"serv_number ms-4 ml-4\">01.<\/span>\n                            <\/div>\n                            \n                        <\/div>\n                    <\/div>\n                <\/div>\n                            <div class=\"cthiso-item\">\n                    <div class=\"det-box\">\n                                                <div class=\"det-box-item\">\n                            <h3><a href=\"https:\/\/zisisconinc.com\/ca_en\/service\/renovation-de-cuisine-et-de-salle-de-bain\/\">Kitchen and bathroom renovation<\/a><\/h3>\n                            <!-- <ul class=\"serv-list list-unstyled d-flex\">\n                                <li>Architecture<\/li>\n                                <li>Design<\/li>\n                                <li>Renovation<\/li>\n                            <\/ul> -->\n                                                            <ul class=\"serv-list list-unstyled d-flex\">\n                                    <li>Services<\/li>                                <\/ul>\n                                \n                            <p>Transform your living spaces with our expert kitchen and bathroom remodeling services, combining innovative design solutions with high-quality craftsmanship to bring your vision to life.<\/p>\n                            <div class=\"d-flex justify-content-between mt-2 align-items-center\">\n                                <a href=\"https:\/\/zisisconinc.com\/ca_en\/service\/renovation-de-cuisine-et-de-salle-de-bain\/\" class=\"det-box-link\">Read more<\/a>\n                                <span class=\"serv_number ms-4 ml-4\">02.<\/span>\n                            <\/div>\n                            \n                        <\/div>\n                    <\/div>\n                <\/div>\n                            <div class=\"cthiso-item\">\n                    <div class=\"det-box\">\n                                                <div class=\"det-box-item\">\n                            <h3><a href=\"https:\/\/zisisconinc.com\/ca_en\/service\/installation-natural-stone\/\">Natural Stone Installation<\/a><\/h3>\n                            <!-- <ul class=\"serv-list list-unstyled d-flex\">\n                                <li>Architecture<\/li>\n                                <li>Design<\/li>\n                                <li>Renovation<\/li>\n                            <\/ul> -->\n                                                            <ul class=\"serv-list list-unstyled d-flex\">\n                                    <li>Installation Product<\/li>                                <\/ul>\n                                \n                            <p>Immerse your space in timeless beauty with our natural stone installation services, expertly managing the placement of exquisite stones to enhance the aesthetic appeal of any environment.<\/p>\n                            <div class=\"d-flex justify-content-between mt-2 align-items-center\">\n                                <a href=\"https:\/\/zisisconinc.com\/ca_en\/service\/installation-natural-stone\/\" class=\"det-box-link\">Read more<\/a>\n                                <span class=\"serv_number ms-4 ml-4\">03.<\/span>\n                            <\/div>\n                            \n                        <\/div>\n                    <\/div>\n                <\/div>\n                            <div class=\"cthiso-item\">\n                    <div class=\"det-box\">\n                                                <div class=\"det-box-item\">\n                            <h3><a href=\"https:\/\/zisisconinc.com\/ca_en\/service\/installation-heating-floor\/\">Heated Floor Installation<\/a><\/h3>\n                            <!-- <ul class=\"serv-list list-unstyled d-flex\">\n                                <li>Architecture<\/li>\n                                <li>Design<\/li>\n                                <li>Renovation<\/li>\n                            <\/ul> -->\n                                                            <ul class=\"serv-list list-unstyled d-flex\">\n                                    <li>Installation Product<\/li>                                <\/ul>\n                                \n                            <p>Underfloor Heating InstallationEnjoy warmth and comfort with our underfloor heating installation, seamlessly integrating modern technology to provide efficient and luxurious heating solutions for a warm and welcoming atmosphere.<\/p>\n                            <div class=\"d-flex justify-content-between mt-2 align-items-center\">\n                                <a href=\"https:\/\/zisisconinc.com\/ca_en\/service\/installation-heating-floor\/\" class=\"det-box-link\">Read more<\/a>\n                                <span class=\"serv_number ms-4 ml-4\">04.<\/span>\n                            <\/div>\n                            \n                        <\/div>\n                    <\/div>\n                <\/div>\n                            <div class=\"cthiso-item\">\n                    <div class=\"det-box\">\n                                                <div class=\"det-box-item\">\n                            <h3><a href=\"https:\/\/zisisconinc.com\/ca_en\/service\/installation-ceramic-porcelain-tiles-mosaic\/\">Ceramic, porcelain stoneware and mosaic installation<\/a><\/h3>\n                            <!-- <ul class=\"serv-list list-unstyled d-flex\">\n                                <li>Architecture<\/li>\n                                <li>Design<\/li>\n                                <li>Renovation<\/li>\n                            <\/ul> -->\n                                                            <ul class=\"serv-list list-unstyled d-flex\">\n                                    <li>Installation Product<\/li>                                <\/ul>\n                                \n                            <p>Experience the perfect blend of style and durability with our installation of ceramic, porcelain and mosaic tiles, ensuring a visually stunning and resilient surface for your floors or walls.<\/p>\n                            <div class=\"d-flex justify-content-between mt-2 align-items-center\">\n                                <a href=\"https:\/\/zisisconinc.com\/ca_en\/service\/installation-ceramic-porcelain-tiles-mosaic\/\" class=\"det-box-link\">Read more<\/a>\n                                <span class=\"serv_number ms-4 ml-4\">05.<\/span>\n                            <\/div>\n                            \n                        <\/div>\n                    <\/div>\n                <\/div>\n                            <div class=\"cthiso-item\">\n                    <div class=\"det-box\">\n                                                <div class=\"det-box-item\">\n                            <h3><a href=\"https:\/\/zisisconinc.com\/ca_en\/service\/general-contracting\/\">General Enterprise<\/a><\/h3>\n                            <!-- <ul class=\"serv-list list-unstyled d-flex\">\n                                <li>Architecture<\/li>\n                                <li>Design<\/li>\n                                <li>Renovation<\/li>\n                            <\/ul> -->\n                                                            <ul class=\"serv-list list-unstyled d-flex\">\n                                    <li>Services<\/li>                                <\/ul>\n                                \n                            <p>Our general contracting services encompass a wide range of construction projects, ensuring seamless coordination and efficient execution for residential and commercial spaces.<\/p>\n                            <div class=\"d-flex justify-content-between mt-2 align-items-center\">\n                                <a href=\"https:\/\/zisisconinc.com\/ca_en\/service\/general-contracting\/\" class=\"det-box-link\">Read more<\/a>\n                                <span class=\"serv_number ms-4 ml-4\">06.<\/span>\n                            <\/div>\n                            \n                        <\/div>\n                    <\/div>\n                <\/div>\n                            <div class=\"cthiso-item\">\n                    <div class=\"det-box\">\n                                                <div class=\"det-box-item\">\n                            <h3><a href=\"https:\/\/zisisconinc.com\/ca_en\/service\/floor-levelling\/\">Floor leveling<\/a><\/h3>\n                            <!-- <ul class=\"serv-list list-unstyled d-flex\">\n                                <li>Architecture<\/li>\n                                <li>Design<\/li>\n                                <li>Renovation<\/li>\n                            <\/ul> -->\n                                                            <ul class=\"serv-list list-unstyled d-flex\">\n                                    <li>Services<\/li>                                <\/ul>\n                                \n                            <p>Achieve a flawless foundation with our expertise in floor leveling, addressing uneven surfaces and providing a stable base for various flooring materials, improving both aesthetics and functionality.<\/p>\n                            <div class=\"d-flex justify-content-between mt-2 align-items-center\">\n                                <a href=\"https:\/\/zisisconinc.com\/ca_en\/service\/floor-levelling\/\" class=\"det-box-link\">Read more<\/a>\n                                <span class=\"serv_number ms-4 ml-4\">07.<\/span>\n                            <\/div>\n                            \n                        <\/div>\n                    <\/div>\n                <\/div>\n                            <div class=\"cthiso-item\">\n                    <div class=\"det-box\">\n                                                <div class=\"det-box-item\">\n                            <h3><a href=\"https:\/\/zisisconinc.com\/ca_en\/service\/exterior-projects\/\">Outdoor projects<\/a><\/h3>\n                            <!-- <ul class=\"serv-list list-unstyled d-flex\">\n                                <li>Architecture<\/li>\n                                <li>Design<\/li>\n                                <li>Renovation<\/li>\n                            <\/ul> -->\n                                                            <ul class=\"serv-list list-unstyled d-flex\">\n                                    <li>Services<\/li>                                <\/ul>\n                                \n                            <p>From landscaping to structural improvements, our exterior project services address the improvement and beautification of outdoor spaces, creating attractive and durable structures for any property.<\/p>\n                            <div class=\"d-flex justify-content-between mt-2 align-items-center\">\n                                <a href=\"https:\/\/zisisconinc.com\/ca_en\/service\/exterior-projects\/\" class=\"det-box-link\">Read more<\/a>\n                                <span class=\"serv_number ms-4 ml-4\">08.<\/span>\n                            <\/div>\n                            \n                        <\/div>\n                    <\/div>\n                <\/div>\n            \n            <\/div>\n\n                    <\/div>\n        \t\t\t\t<\/div>\n\t\t\t\t<\/div>\n\t\t\t\t\t<\/div>\n\t\t<\/div>\n\t\t\t\t<div class=\"elementor-column elementor-col-33 elementor-top-column elementor-element elementor-element-48516d7a\" data-id=\"48516d7a\" data-element_type=\"column\">\n\t\t\t<div class=\"elementor-widget-wrap elementor-element-populated\">\n\t\t\t\t\t\t<div class=\"elementor-element elementor-element-39061ce elementor-widget elementor-widget-service_nav\" data-id=\"39061ce\" data-element_type=\"widget\" data-widget_type=\"service_nav.default\">\n\t\t\t\t<div class=\"elementor-widget-container\">\n\t\t\t\t\t\t\t<ul class=\"serv-nav ps-0 pl-0 mb-10\">\n            <li><a href=\"http:\/\/zisisconinc.com\/ca_en\/services\/\"  class=\"\">All Services<\/a><\/li>\t\t            \n            <li><a href=\"https:\/\/zisisconinc.com\/ca_en\/service\/staircase\/\" class=\"\">Stairs<\/a><\/li>\n\t\t            \n            <li><a href=\"https:\/\/zisisconinc.com\/ca_en\/service\/renovation-de-cuisine-et-de-salle-de-bain\/\" class=\"\">Kitchen and bathroom renovation<\/a><\/li>\n\t\t            \n            <li><a href=\"https:\/\/zisisconinc.com\/ca_en\/service\/installation-natural-stone\/\" class=\"\">Natural Stone Installation<\/a><\/li>\n\t\t            \n            <li><a href=\"https:\/\/zisisconinc.com\/ca_en\/service\/installation-heating-floor\/\" class=\"\">Heated Floor Installation<\/a><\/li>\n\t\t            \n            <li><a href=\"https:\/\/zisisconinc.com\/ca_en\/service\/installation-ceramic-porcelain-tiles-mosaic\/\" class=\"\">Ceramic, porcelain stoneware and mosaic installation<\/a><\/li>\n\t\t            \n            <li><a href=\"https:\/\/zisisconinc.com\/ca_en\/service\/general-contracting\/\" class=\"\">General Enterprise<\/a><\/li>\n\t\t            \n            <li><a href=\"https:\/\/zisisconinc.com\/ca_en\/service\/floor-levelling\/\" class=\"\">Floor leveling<\/a><\/li>\n\t\t            \n            <li><a href=\"https:\/\/zisisconinc.com\/ca_en\/service\/exterior-projects\/\" class=\"\">Outdoor projects<\/a><\/li>\n\t\t\t\t<\/ul>\n\t\t        \t\t\t\t<\/div>\n\t\t\t\t<\/div>\n\t\t\t\t\t<\/div>\n\t\t<\/div>\n\t\t\t\t\t<\/div>\n\t\t<\/section>\n\t\t\t\t<\/div>","protected":false},"excerpt":{"rendered":"<p>Escalier Services Rehaussez l&rsquo;\u00e9l\u00e9gance de votre int\u00e9rieur gr\u00e2ce \u00e0 nos services d&rsquo;escaliers, proposant des conceptions sur mesure et une installation de pr\u00e9cision pour des escaliers \u00e9poustouflants qui s&rsquo;int\u00e8grent parfaitement \u00e0 l&rsquo;esth\u00e9tique globale de votre maison ou de votre commerce. Read more 01. R\u00e9novation de cuisine et de salle de bain Services Transformez vos espaces de vie avec nos services experts en r\u00e9novation de cuisines et de salles de bains, combinant des solutions de conception innovantes avec un savoir-faire de haute qualit\u00e9 pour donner vie \u00e0 votre vision. Read more 02. Pose Pierre Naturelle Installation Product Plongez votre espace dans une beaut\u00e9 intemporelle gr\u00e2ce \u00e0 nos services d&rsquo;installation de pierre naturelle, g\u00e9rant de mani\u00e8re experte le placement de pierres exquises pour am\u00e9liorer l&rsquo;attrait esth\u00e9tique de n&rsquo;importe quel environnement. Read more 03. Installation Plancher Chauffant Installation Product Installation Plancher ChauffantProfitez de la chaleur et du confort avec notre installation de plancher chauffant, [&hellip;]<\/p>","protected":false},"author":1,"featured_media":0,"parent":0,"menu_order":0,"comment_status":"closed","ping_status":"closed","template":"page-full.php","meta":{"footnotes":""},"class_list":["post-8899","page","type-page","status-publish","hentry"],"_links":{"self":[{"href":"https:\/\/zisisconinc.com\/ca_en\/wp-json\/wp\/v2\/pages\/8899","targetHints":{"allow":["GET"]}}],"collection":[{"href":"https:\/\/zisisconinc.com\/ca_en\/wp-json\/wp\/v2\/pages"}],"about":[{"href":"https:\/\/zisisconinc.com\/ca_en\/wp-json\/wp\/v2\/types\/page"}],"author":[{"embeddable":true,"href":"https:\/\/zisisconinc.com\/ca_en\/wp-json\/wp\/v2\/users\/1"}],"replies":[{"embeddable":true,"href":"https:\/\/zisisconinc.com\/ca_en\/wp-json\/wp\/v2\/comments?post=8899"}],"version-history":[{"count":14,"href":"https:\/\/zisisconinc.com\/ca_en\/wp-json\/wp\/v2\/pages\/8899\/revisions"}],"predecessor-version":[{"id":10543,"href":"https:\/\/zisisconinc.com\/ca_en\/wp-json\/wp\/v2\/pages\/8899\/revisions\/10543"}],"wp:attachment":[{"href":"https:\/\/zisisconinc.com\/ca_en\/wp-json\/wp\/v2\/media?parent=8899"}],"curies":[{"name":"wp","href":"https:\/\/api.w.org\/{rel}","templated":true}]}}